{"id":14419,"date":"2023-11-17T15:36:08","date_gmt":"2023-11-17T15:36:08","guid":{"rendered":"https:\/\/conadi.gob.gt\/web\/?page_id=14419"},"modified":"2026-03-23T22:01:48","modified_gmt":"2026-03-23T22:01:48","slug":"tranparencia","status":"publish","type":"page","link":"https:\/\/conadi.gob.gt\/web\/tranparencia\/","title":{"rendered":"Transparencia Presupuestaria"},"content":{"rendered":"\n<p><strong>A\u00d1O 2026<\/strong><\/p>\n\n\n\n<p>Informe de Ejecuci\u00f3n Presupuestaria 2025 <a href=\"https:\/\/conadi.gob.gt\/web\/wp-content\/uploads\/2026\/02\/Ejecucion-Presupuestaria-2025.pdf\">PDF<\/a><\/p>\n\n\n\n<p>Plan de implementaci\u00f3n y proyectos prioritarios <a href=\"https:\/\/conadi.gob.gt\/web\/wp-content\/uploads\/2026\/02\/PLAN-DE-IMPLEMENTACION-DE-LOS-PROGRAMAS-2026.pdf\">PDF<\/a> <a href=\"https:\/\/conadi.gob.gt\/web\/wp-content\/uploads\/2026\/02\/PLAN-DE-IMPLEMENTACION-DE-LOS-PROGRAMAS-2026.docx\">Word<\/a><\/p>\n\n\n\n<p>Medidas de transparencia y eliminaci\u00f3n del gasto superfluo <a href=\"https:\/\/conadi.gob.gt\/web\/wp-content\/uploads\/2026\/02\/Medidas-de-transparencia.pdf\">PDF<\/a><\/p>\n\n\n\n<p>Adquisiciones realizadas en la modalidad de compra de baja cuant\u00eda Enero 2026 <a href=\"https:\/\/conadi.gob.gt\/web\/wp-content\/uploads\/2026\/02\/LISTADO-DE-PUBLICACIONES-NPG-ENERO-2026.pdf\">PDF<\/a> <a href=\"https:\/\/conadi.gob.gt\/web\/wp-content\/uploads\/2026\/02\/LISTADO-DE-PUBLICACIONES-NPG-ENERO-2026.xlsx\">Excel<\/a><\/p>\n\n\n\n<p>Ejecuci\u00f3n f\u00edsica de inversi\u00f3n Enero 2026 <a href=\"https:\/\/conadi.gob.gt\/web\/wp-content\/uploads\/2026\/02\/8.-Ejecucion-presupuestaria-mensual.pdf\">PDF<\/a> <a href=\"https:\/\/conadi.gob.gt\/web\/wp-content\/uploads\/2026\/02\/8.-Ejecucion-presupuestaria-mensual.xls\">Excel<\/a><\/p>\n\n\n\n<p>&#8212;&#8212;&#8212;-   <\/p>\n\n\n\n<p>Adquisiciones realizadas en la modalidad de compra de baja cuant\u00eda Febrero 2026 <a href=\"https:\/\/conadi.gob.gt\/web\/wp-content\/uploads\/2026\/03\/BAJA-CUANTIA-FEBRERO-2026.pdf\">PDF<\/a> <a href=\"https:\/\/conadi.gob.gt\/web\/wp-content\/uploads\/2026\/03\/BAJA-CUANTIA-FEBRERO-2026.xlsx\">Excel<\/a><\/p>\n\n\n\n<p>Ejecuci\u00f3n f\u00edsica de inversi\u00f3n Febrero 2026 <a href=\"https:\/\/conadi.gob.gt\/web\/wp-content\/uploads\/2026\/03\/8.-Ejecucion-Presupuestaria-por-renglon.pdf\">PDF<\/a> <a href=\"https:\/\/conadi.gob.gt\/web\/wp-content\/uploads\/2026\/03\/8.-Ejecucion-Presupuestaria-por-renglon.xls\">Excel<\/a><\/p>\n\n\n\n<p>&#8212;&#8212;&#8212;-  <\/p>\n\n\n\n<hr class=\"wp-block-separator has-alpha-channel-opacity\"\/>\n\n\n\n<hr class=\"wp-block-separator has-alpha-channel-opacity\"\/>\n\n\n\n<hr class=\"wp-block-separator has-alpha-channel-opacity\"\/>\n\n\n\n<p><strong>A\u00d1O 2025<\/strong><\/p>\n\n\n\n<p>Informe de Ejecuci\u00f3n Presupuestaria 2024 <a href=\"https:\/\/conadi.gob.gt\/web\/wp-content\/uploads\/2025\/03\/INFORME-DE-EJECUCION-PRESUPUESTARIA-2024.pdf\">PDF<\/a><\/p>\n\n\n\n<p>Plan de implementaci\u00f3n y proyectos prioritarios  <a href=\"https:\/\/conadi.gob.gt\/web\/wp-content\/uploads\/2025\/04\/Plan-de-implementacion-y-Proyectos-prioritarios-2025.pdf\">PDF<\/a>   <a href=\"https:\/\/conadi.gob.gt\/web\/wp-content\/uploads\/2025\/04\/Plan-de-implementacion-y-Proyectos-prioritarios-2025.docx\">Excel<\/a><\/p>\n\n\n\n<p>Medidas de transparencia y eliminaci\u00f3n del gasto superfluo  <a href=\"https:\/\/conadi.gob.gt\/web\/wp-content\/uploads\/2025\/04\/Medidas-de-transparencia-y-eliminacion-del-gasto-superfluo.pdf\">PDF<\/a><\/p>\n\n\n\n<p>Adquisiciones realizadas en la modalidad de compra de baja cuant\u00eda Enero 2025 <a href=\"https:\/\/conadi.gob.gt\/web\/wp-content\/uploads\/2025\/03\/Baja-cuantilla.pdf\">PDF<\/a>   <a href=\"https:\/\/conadi.gob.gt\/web\/wp-content\/uploads\/2025\/04\/PUBLICACIONES-NPG-BAJA-CUANTIA-ENERO-2025.xlsx\">Excel<\/a><\/p>\n\n\n\n<p>Ejecuci\u00f3n f\u00edsica de inversi\u00f3n Enero 2025 <a href=\"https:\/\/conadi.gob.gt\/web\/wp-content\/uploads\/2025\/03\/8-Ejecucion-presupuestaria.pdf\">PDF<\/a> <a href=\"https:\/\/conadi.gob.gt\/web\/wp-content\/uploads\/2025\/03\/8-Ejecucion-Presupuestaria.xls\">Excel<\/a><\/p>\n\n\n\n<p>&#8212;&#8212;&#8212;-<\/p>\n\n\n\n<p>Adquisiciones realizadas en la modalidad de compra de baja cuant\u00eda Febrero 2025 <a href=\"https:\/\/conadi.gob.gt\/web\/wp-content\/uploads\/2025\/04\/PUBLICACIONES-NPG-BAJA-CUANTIA-FEBRERO-2025.pdf\">PDF<\/a>   <a href=\"https:\/\/conadi.gob.gt\/web\/wp-content\/uploads\/2025\/04\/PUBLICACIONES-NPG-BAJA-CUANTIA-FEBRERO-2025.xlsx\">Excel<\/a><\/p>\n\n\n\n<p>Ejecuci\u00f3n f\u00edsica de inversi\u00f3n Febrero 2025  <a href=\"https:\/\/conadi.gob.gt\/web\/wp-content\/uploads\/2025\/04\/8-Ejecucion-presupuestaria-Febrero.pdf\">PDF<\/a>  <a href=\"https:\/\/conadi.gob.gt\/web\/wp-content\/uploads\/2025\/04\/8.-Ejecucion-presupuestaria-Febrero.xls\">Excel<\/a><\/p>\n\n\n\n<p>&#8212;&#8212;&#8212;-<\/p>\n\n\n\n<p>Adquisiciones realizadas en la modalidad de compra de baja cuant\u00eda Marzo 2025 <a href=\"https:\/\/conadi.gob.gt\/web\/wp-content\/uploads\/2025\/05\/Baja-cuantia-Marzo.pdf\">PDF<\/a>  <a href=\"https:\/\/conadi.gob.gt\/web\/wp-content\/uploads\/2025\/05\/Baja-cuantia-Marzo.xlsx\">Excel<\/a><\/p>\n\n\n\n<p>Ejecuci\u00f3n f\u00edsica de inversi\u00f3n Marzo 2025 <a href=\"https:\/\/conadi.gob.gt\/web\/wp-content\/uploads\/2025\/04\/8-Marzo.xls\">PDF<\/a><\/p>\n\n\n\n<p>&#8212;&#8212;&#8212;- <\/p>\n\n\n\n<p>Adquisiciones realizadas en la modalidad de compra de baja cuant\u00eda Abril 2025 <a href=\"https:\/\/conadi.gob.gt\/web\/wp-content\/uploads\/2025\/05\/PUBLICACIONES-NPG-BAJA-CUANTIA-ABRIL-2025.pdf\">PDF<\/a>  <a href=\"https:\/\/conadi.gob.gt\/web\/wp-content\/uploads\/2025\/05\/PUBLICACIONES-NPG-BAJA-CUANTIA-ABRIL-2025.xlsx\">Excel<\/a><\/p>\n\n\n\n<p>Ejecuci\u00f3n f\u00edsica de inversi\u00f3n Abril 2025  <a href=\"https:\/\/conadi.gob.gt\/web\/wp-content\/uploads\/2025\/05\/8.-Ejecucion-presupuestaria.pdf\">PDF<\/a><\/p>\n\n\n\n<p>Informe cuatrimestral (Enero-Abril) Medici\u00f3n de avances de indicadores <a href=\"https:\/\/conadi.gob.gt\/web\/wp-content\/uploads\/2025\/05\/Informe-cuatrimestral-metas-fisicas-Ene-abr-2025.pdf\">PDF<\/a><\/p>\n\n\n\n<p>Informe cuatrimestral (Enero-Abril) Transparencia y eficiencia del gasto p\u00fablico <a href=\"https:\/\/conadi.gob.gt\/web\/wp-content\/uploads\/2025\/05\/Informe-de-Rendicion-de-Cuentas.pdf\">PDF<\/a><\/p>\n\n\n\n<p>Informe cuatrimestral (Enero-Abril) Programaci\u00f3n, reprogramaci\u00f3n de asesor\u00edas t\u00e9cnicas y profesionales <a href=\"https:\/\/conadi.gob.gt\/web\/wp-content\/uploads\/2025\/06\/Art-22-Transparencia.pdf\">PDF<\/a><\/p>\n\n\n\n<p>&#8212;&#8212;&#8212;-<\/p>\n\n\n\n<p>Adquisiciones realizadas en la modalidad de compra de baja cuant\u00eda Mayo 2025 <a href=\"https:\/\/conadi.gob.gt\/web\/wp-content\/uploads\/2025\/06\/BAJA-CUANTIA-MAYO-2025.pdf\">PDF<\/a> <a href=\"https:\/\/conadi.gob.gt\/web\/wp-content\/uploads\/2025\/06\/BAJA-CUANTIA-MAYO-2025.xlsx\">Excel<\/a><\/p>\n\n\n\n<p>Ejecuci\u00f3n f\u00edsica de inversi\u00f3n Mayo 2025 <a href=\"https:\/\/conadi.gob.gt\/web\/wp-content\/uploads\/2025\/06\/8.-Ejecucion-presupuestaria-mensual-Mayo.pdf\">PDF<\/a> <a href=\"https:\/\/conadi.gob.gt\/web\/wp-content\/uploads\/2025\/06\/8.-Ejecucion-presupuestaria-mensual-Mayo.xls\">Excel<\/a><\/p>\n\n\n\n<p>&#8212;&#8212;&#8212;- <\/p>\n\n\n\n<p>Adquisiciones realizadas en la modalidad de compra de baja cuant\u00eda Junio 2025 <a href=\"https:\/\/conadi.gob.gt\/web\/wp-content\/uploads\/2025\/07\/BAJA-CUANTIA-JUNIO-2025.pdf\">PDF<\/a> <a href=\"https:\/\/conadi.gob.gt\/web\/wp-content\/uploads\/2025\/07\/BAJA-CUANTIA-JUNIO-2025.xlsx\">Excel<\/a><\/p>\n\n\n\n<p>Ejecuci\u00f3n f\u00edsica de inversi\u00f3n Junio 2025 <a href=\"https:\/\/conadi.gob.gt\/web\/wp-content\/uploads\/2025\/07\/8.-Ejecucion-presupuestaria-mensual-Junio.pdf\">PDF<\/a> <a href=\"https:\/\/conadi.gob.gt\/web\/wp-content\/uploads\/2025\/07\/8.-Ejecucion-presupuestaria-mensual-Junio.xls\">Excel<\/a><\/p>\n\n\n\n<p>&#8212;&#8212;&#8212;-  <\/p>\n\n\n\n<p>Adquisiciones realizadas en la modalidad de compra de baja cuant\u00eda Julio 2025 <a href=\"https:\/\/conadi.gob.gt\/web\/wp-content\/uploads\/2025\/08\/BAJA-CUANTIA-JULIO-2025.pdf\">PDF<\/a> <a href=\"https:\/\/conadi.gob.gt\/web\/wp-content\/uploads\/2025\/08\/BAJA-CUANTIA-JULIO-2025.xlsx\">Excel<\/a><\/p>\n\n\n\n<p>Ejecuci\u00f3n f\u00edsica de inversi\u00f3n Julio 2025 <a href=\"https:\/\/conadi.gob.gt\/web\/wp-content\/uploads\/2025\/08\/8.-Ejecucion-Presupuestaria-por-renglon.pdf\">PDF<\/a> <a href=\"https:\/\/conadi.gob.gt\/web\/wp-content\/uploads\/2025\/08\/8.-Ejecucion-Presupuestaria-por-renglon.xls\">Excel<\/a><\/p>\n\n\n\n<p>&#8212;&#8212;&#8212;&#8211; <\/p>\n\n\n\n<p>Adquisiciones realizadas en la modalidad de compra de baja cuant\u00eda Agosto 2025 <a href=\"https:\/\/conadi.gob.gt\/web\/wp-content\/uploads\/2025\/09\/Baja-Cuantia-Agosto.pdf\">PDF<\/a> <a href=\"https:\/\/conadi.gob.gt\/web\/wp-content\/uploads\/2025\/09\/Baja-Cuantia-Agosto.xlsx\">Excel<\/a><\/p>\n\n\n\n<p>Ejecuci\u00f3n f\u00edsica de inversi\u00f3n Agosto 2025 <a href=\"https:\/\/conadi.gob.gt\/web\/wp-content\/uploads\/2025\/09\/8.-Ejecucion-presupuestaria-mensual.pdf\">PDF<\/a> <a href=\"https:\/\/conadi.gob.gt\/web\/wp-content\/uploads\/2025\/09\/8.-Ejecucion-presupuestaria-mensual.xls\">Excel<\/a><\/p>\n\n\n\n<p>Informe cuatrimestral (Mayo-Agosto) Medici\u00f3n de avances de indicadores <a href=\"https:\/\/conadi.gob.gt\/web\/wp-content\/uploads\/2025\/09\/Segundo-Informe-Cuatrimestral-de-SIPLAN-2025.pdf\">PDF<\/a><\/p>\n\n\n\n<p>Informe cuatrimestral (Mayo-Agosto) Transparencia y eficiencia del gasto p\u00fablico&nbsp;<a href=\"https:\/\/conadi.gob.gt\/web\/wp-content\/uploads\/2025\/10\/Rendicion-de-Cuentas-2do-cuatrimestre-2025.pdf\">PDF<\/a><\/p>\n\n\n\n<p>Informe cuatrimestral (Mayo-Agosto) Programaci\u00f3n, reprogramaci\u00f3n de asesor\u00edas t\u00e9cnicas y profesionales&nbsp;<a href=\"https:\/\/conadi.gob.gt\/web\/wp-content\/uploads\/2025\/10\/Asesorias-Tecnicas-2do-cuatrimestre-2025.pdf\">PDF<\/a><\/p>\n\n\n\n<p>&#8212;&#8212;&#8212;&#8212; <\/p>\n\n\n\n<p>Adquisiciones realizadas en la modalidad de compra de baja cuant\u00eda Septiembre 2025 <a href=\"https:\/\/conadi.gob.gt\/web\/wp-content\/uploads\/2025\/10\/Baja-Cuantilla-Septiembre.pdf\">PDF<\/a> <a href=\"https:\/\/conadi.gob.gt\/web\/wp-content\/uploads\/2025\/10\/Baja-Cuantilla-Septiembre.xlsx\">Excel<\/a><\/p>\n\n\n\n<p>Ejecuci\u00f3n f\u00edsica de inversi\u00f3n Septiembre 2025 <a href=\"https:\/\/conadi.gob.gt\/web\/wp-content\/uploads\/2025\/10\/8.-Ejecucion-Presupuestaria-por-renglon-septiembre-2025.pdf\">PDF<\/a> <a href=\"https:\/\/conadi.gob.gt\/web\/wp-content\/uploads\/2025\/10\/8.-Ejecucion-Presupuestaria-por-renglon-septiembre-2025.xls\">Excel<\/a><\/p>\n\n\n\n<p>&#8212;&#8212;&#8212;&#8212; <\/p>\n\n\n\n<p>Adquisiciones realizadas en la modalidad de compra de baja cuant\u00eda Octubre 2025 <a href=\"https:\/\/conadi.gob.gt\/web\/wp-content\/uploads\/2025\/11\/Baja-Cuantilla-Octubre-2025.pdf\">PDF<\/a> <a href=\"https:\/\/conadi.gob.gt\/web\/wp-content\/uploads\/2025\/11\/Baja-Cuantilla-Octubre-2025.xlsx\">Excel<\/a><\/p>\n\n\n\n<p>Ejecuci\u00f3n f\u00edsica de inversi\u00f3n Octubre 2025 <a href=\"https:\/\/conadi.gob.gt\/web\/wp-content\/uploads\/2025\/11\/8.-Ejecucion-Presupuestaria-por-renglon-Octubre-2025.pdf\">PDF<\/a> <a href=\"https:\/\/conadi.gob.gt\/web\/wp-content\/uploads\/2025\/11\/8.-Ejecucion-Presupuestaria-por-renglon-Octubre-2025.xls\">Excel<\/a><\/p>\n\n\n\n<p>&#8212;&#8212;&#8212;&#8212; <\/p>\n\n\n\n<p>Adquisiciones realizadas en la modalidad de compra de baja cuant\u00eda Noviembre 2025 <a href=\"https:\/\/conadi.gob.gt\/web\/wp-content\/uploads\/2025\/12\/PUBLICACIONES-NPG-BAJA-CUANTIA-NOVIEMBRE-2025.pdf\">PDF<\/a> <a href=\"https:\/\/conadi.gob.gt\/web\/wp-content\/uploads\/2025\/12\/PUBLICACIONES-NPG-BAJA-CUANTIA-NOVIEMBRE-2025.xlsx\">Excel<\/a><\/p>\n\n\n\n<p>Ejecuci\u00f3n f\u00edsica de inversi\u00f3n Noviembre 2025 <a href=\"https:\/\/conadi.gob.gt\/web\/wp-content\/uploads\/2025\/12\/8.-Ejecucion-Presupuestaria-por-renglon-Noviembre.pdf\">PDF<\/a> <a href=\"https:\/\/conadi.gob.gt\/web\/wp-content\/uploads\/2025\/12\/8.-Ejecucion-Presupuestaria-por-renglon-Noviembre.xls\">Excel<\/a><\/p>\n\n\n\n<p>&#8212;&#8212;&#8212;&#8212;-    <\/p>\n\n\n\n<p>Adquisiciones realizadas en la modalidad de compra de baja cuant\u00eda Diciembre 2025&nbsp;<a href=\"https:\/\/conadi.gob.gt\/web\/wp-content\/uploads\/2026\/01\/Baja-Cuatia-Diciembre-2025.pdf\">PDF<\/a>&nbsp;<a href=\"https:\/\/conadi.gob.gt\/web\/wp-content\/uploads\/2026\/01\/Baja-Cuatia-Diciembre-2025.xlsx\">Excel<\/a><\/p>\n\n\n\n<p>Ejecuci\u00f3n f\u00edsica de inversi\u00f3n Diciembre 2025&nbsp;<a href=\"https:\/\/conadi.gob.gt\/web\/wp-content\/uploads\/2026\/01\/8.-Ejecucion-Presupuestaria-por-renglon-Diciembre.pdf\">PDF<\/a>&nbsp;<a href=\"https:\/\/conadi.gob.gt\/web\/wp-content\/uploads\/2026\/01\/8.-Ejecucion-Presupuestaria-por-renglon-Diciembre.xls\">Excel<\/a><\/p>\n\n\n\n<p>Informe cuatrimestral (Septiembre-Diciembre) Medici\u00f3n de avances de indicadores&nbsp;<a href=\"https:\/\/conadi.gob.gt\/web\/wp-content\/uploads\/2026\/01\/5.-Metas-Fisicas-Diciembre.pdf\">PDF<\/a><\/p>\n\n\n\n<p>Informe cuatrimestral (Septiembre-Diciembre) Programaci\u00f3n, reprogramaci\u00f3n de asesor\u00edas t\u00e9cnicas y profesionales&nbsp;<a href=\"https:\/\/conadi.gob.gt\/web\/wp-content\/uploads\/2026\/02\/Informes.pdf\">PDF<\/a><\/p>\n\n\n\n<hr class=\"wp-block-separator has-alpha-channel-opacity\"\/>\n\n\n\n<hr class=\"wp-block-separator has-alpha-channel-opacity\"\/>\n\n\n\n<hr class=\"wp-block-separator has-alpha-channel-opacity\"\/>\n\n\n\n<p><strong>A\u00d1O 2024<\/strong><\/p>\n\n\n\n<p><a href=\"https:\/\/conadi.gob.gt\/web\/wp-content\/uploads\/2023\/11\/DECRETO-54-2022.pdf\" data-type=\"URL\" data-id=\"https:\/\/conadi.gob.gt\/web\/wp-content\/uploads\/2023\/11\/DECRETO-54-2022.pdf\">DECRETO 54-2022 LEY DEL PRESUPUESTO GENERAL DE INGRESOS Y EGRESOS DEL ESTADO PARA EL EJERCICIO FISCAL DOS MIL VEINTITRES<\/a><\/p>\n\n\n\n<p><a href=\"https:\/\/conadi.gob.gt\/web\/wp-content\/uploads\/2024\/05\/DECRETO-54-2022-ARTICULO-22-PRIMER-CUATRIMESTRE-2024.pdf\" data-type=\"link\" data-id=\"https:\/\/conadi.gob.gt\/web\/wp-content\/uploads\/2024\/05\/DECRETO-54-2022-ARTICULO-22-PRIMER-CUATRIMESTRE-2024.pdf\">Durante el primer cuatrimestre (enero-abril) 2024, no se han contratado, programado ni ejecutado asesor\u00edas t\u00e9cnicas y profesionales con recursos reembolsables y no reembolsables<\/a><\/p>\n\n\n\n<p><a href=\"https:\/\/conadi.gob.gt\/web\/wp-content\/uploads\/2024\/11\/Transparencia-2do-Informe-Cuatrimestral-Mayo-Agosto.pdf\">2do Informe Cuatrimestral 2024 (Mayo-Agosto) Sin Movimiento<\/a><\/p>\n\n\n\n<p><strong>A\u00d1O 2023<\/strong><\/p>\n\n\n\n<p><a href=\"https:\/\/conadi.gob.gt\/web\/wp-content\/uploads\/2023\/11\/Informe-cuatrimestral-ejecucion-recursos-reembolsables-y-no-reembolsables-enero-a-agosto-2023.xlsx\" data-type=\"URL\" data-id=\"https:\/\/conadi.gob.gt\/web\/wp-content\/uploads\/2023\/11\/Informe-cuatrimestral-ejecucion-recursos-reembolsables-y-no-reembolsables-enero-a-agosto-2023.xlsx\">Informes cuatrimestrales (enero a abril y mayo a agosto) que contienen la programaci\u00f3n, reprogramaci\u00f3n y ejecuci\u00f3n de asesor\u00edas t\u00e9cnicas y profesionales contratadas con recursos reembolsables y no reembolsables (accesible)<\/a><\/p>\n\n\n\n<p><a href=\"https:\/\/conadi.gob.gt\/web\/wp-content\/uploads\/2023\/11\/INFORME-CUATRIMESTRAL-EJECUCION-RECURSOS-.pdf\" data-type=\"URL\" data-id=\"https:\/\/conadi.gob.gt\/web\/wp-content\/uploads\/2023\/11\/INFORME-CUATRIMESTRAL-EJECUCION-RECURSOS-.pdf\">Informes cuatrimestrales (enero a abril y mayo a agosto) que contienen la programaci\u00f3n, reprogramaci\u00f3n y ejecuci\u00f3n de asesor\u00edas t\u00e9cnicas y profesionales contratadas con recursos reembolsables y no reembolsables (PDF)<\/a><\/p>\n\n\n\n<p><a href=\"https:\/\/conadi.gob.gt\/web\/wp-content\/uploads\/2023\/12\/CONVENIOS-APOYOS-PUNTUALES-2023.pdf\" data-type=\"URL\" data-id=\"https:\/\/conadi.gob.gt\/web\/wp-content\/uploads\/2023\/12\/CONVENIOS-APOYOS-PUNTUALES-2023.pdf\">Convenios suscritos durante el a\u00f1o 2023 en el programa Apoyos Puntuales y cuadro resumen correspondiente.<\/a><\/p>\n\n\n\n<p><a href=\"https:\/\/conadi.gob.gt\/web\/wp-content\/uploads\/2023\/12\/BENEFICIARIOS-BOLSAS-DE-ESTUDIO-2023-.pdf\" data-type=\"URL\" data-id=\"https:\/\/conadi.gob.gt\/web\/wp-content\/uploads\/2023\/12\/BENEFICIARIOS-BOLSAS-DE-ESTUDIO-2023-.pdf\">Listado de beneficiarios del programa de Bolsas de Estudio del a\u00f1o 2023.<\/a><\/p>\n\n\n\n<p><a href=\"https:\/\/conadi.gob.gt\/web\/wp-content\/uploads\/2024\/02\/INFORME-CUATRIMESTRAL-SEPT-A-DIC-PRESUPUESTO.pdf\" data-type=\"URL\" data-id=\"https:\/\/conadi.gob.gt\/web\/wp-content\/uploads\/2024\/02\/INFORME-CUATRIMESTRAL-SEPT-A-DIC-PRESUPUESTO.pdf\">Informe cuatrimestral (septiembre a diciembre 2023) que contienen la programaci\u00f3n, reprogramaci\u00f3n y ejecuci\u00f3n de asesor\u00edas t\u00e9cnicas y profesionales contratadas con recursos reembolsables y no reembolsables <\/a><\/p>\n\n\n\n<p><\/p>\n<div class=\"pvc_clear\"><\/div><p id=\"pvc_stats_14419\" class=\"pvc_stats all  \" data-element-id=\"14419\" style=\"\"><i class=\"pvc-stats-icon medium\" aria-hidden=\"true\"><svg aria-hidden=\"true\" focusable=\"false\" data-prefix=\"far\" data-icon=\"chart-bar\" role=\"img\" xmlns=\"http:\/\/www.w3.org\/2000\/svg\" viewBox=\"0 0 512 512\" class=\"svg-inline--fa fa-chart-bar fa-w-16 fa-2x\"><path fill=\"currentColor\" d=\"M396.8 352h22.4c6.4 0 12.8-6.4 12.8-12.8V108.8c0-6.4-6.4-12.8-12.8-12.8h-22.4c-6.4 0-12.8 6.4-12.8 12.8v230.4c0 6.4 6.4 12.8 12.8 12.8zm-192 0h22.4c6.4 0 12.8-6.4 12.8-12.8V140.8c0-6.4-6.4-12.8-12.8-12.8h-22.4c-6.4 0-12.8 6.4-12.8 12.8v198.4c0 6.4 6.4 12.8 12.8 12.8zm96 0h22.4c6.4 0 12.8-6.4 12.8-12.8V204.8c0-6.4-6.4-12.8-12.8-12.8h-22.4c-6.4 0-12.8 6.4-12.8 12.8v134.4c0 6.4 6.4 12.8 12.8 12.8zM496 400H48V80c0-8.84-7.16-16-16-16H16C7.16 64 0 71.16 0 80v336c0 17.67 14.33 32 32 32h464c8.84 0 16-7.16 16-16v-16c0-8.84-7.16-16-16-16zm-387.2-48h22.4c6.4 0 12.8-6.4 12.8-12.8v-70.4c0-6.4-6.4-12.8-12.8-12.8h-22.4c-6.4 0-12.8 6.4-12.8 12.8v70.4c0 6.4 6.4 12.8 12.8 12.8z\" class=\"\"><\/path><\/svg><\/i> <img loading=\"lazy\" decoding=\"async\" width=\"16\" height=\"16\" alt=\"Loading\" src=\"https:\/\/conadi.gob.gt\/web\/wp-content\/plugins\/page-views-count\/ajax-loader-2x.gif\" border=0 \/><\/p><div class=\"pvc_clear\"><\/div>","protected":false},"excerpt":{"rendered":"<p>A\u00d1O 2026 Informe de Ejecuci\u00f3n Presupuestaria 2025 PDF Plan de implementaci\u00f3n y proyectos prioritarios PDF Word Medidas de transparencia y eliminaci\u00f3n del gasto superfluo PDF Adquisiciones realizadas en la modalidad de compra de baja cuant\u00eda Enero 2026 PDF Excel Ejecuci\u00f3n f\u00edsica de inversi\u00f3n Enero 2026 PDF Excel &#8212;&#8212;&#8212;- Adquisiciones realizadas en la modalidad de compra &hellip; <\/p>\n<p class=\"link-more\"><a href=\"https:\/\/conadi.gob.gt\/web\/tranparencia\/\" class=\"more-link\">Leer m\u00e1s<span class=\"screen-reader-text\"> \u00abTransparencia Presupuestaria\u00bb<\/span><\/a><\/p>\n<div class=\"pvc_clear\"><\/div>\n<p id=\"pvc_stats_14419\" class=\"pvc_stats all  \" data-element-id=\"14419\" style=\"\"><i class=\"pvc-stats-icon medium\" aria-hidden=\"true\"><svg aria-hidden=\"true\" focusable=\"false\" data-prefix=\"far\" data-icon=\"chart-bar\" role=\"img\" xmlns=\"http:\/\/www.w3.org\/2000\/svg\" viewBox=\"0 0 512 512\" class=\"svg-inline--fa fa-chart-bar fa-w-16 fa-2x\"><path fill=\"currentColor\" d=\"M396.8 352h22.4c6.4 0 12.8-6.4 12.8-12.8V108.8c0-6.4-6.4-12.8-12.8-12.8h-22.4c-6.4 0-12.8 6.4-12.8 12.8v230.4c0 6.4 6.4 12.8 12.8 12.8zm-192 0h22.4c6.4 0 12.8-6.4 12.8-12.8V140.8c0-6.4-6.4-12.8-12.8-12.8h-22.4c-6.4 0-12.8 6.4-12.8 12.8v198.4c0 6.4 6.4 12.8 12.8 12.8zm96 0h22.4c6.4 0 12.8-6.4 12.8-12.8V204.8c0-6.4-6.4-12.8-12.8-12.8h-22.4c-6.4 0-12.8 6.4-12.8 12.8v134.4c0 6.4 6.4 12.8 12.8 12.8zM496 400H48V80c0-8.84-7.16-16-16-16H16C7.16 64 0 71.16 0 80v336c0 17.67 14.33 32 32 32h464c8.84 0 16-7.16 16-16v-16c0-8.84-7.16-16-16-16zm-387.2-48h22.4c6.4 0 12.8-6.4 12.8-12.8v-70.4c0-6.4-6.4-12.8-12.8-12.8h-22.4c-6.4 0-12.8 6.4-12.8 12.8v70.4c0 6.4 6.4 12.8 12.8 12.8z\" class=\"\"><\/path><\/svg><\/i> <img loading=\"lazy\" decoding=\"async\" width=\"16\" height=\"16\" alt=\"Loading\" src=\"https:\/\/conadi.gob.gt\/web\/wp-content\/plugins\/page-views-count\/ajax-loader-2x.gif\" border=0 \/><\/p>\n<div class=\"pvc_clear\"><\/div>\n","protected":false},"author":41,"featured_media":0,"parent":0,"menu_order":0,"comment_status":"closed","ping_status":"closed","template":"","meta":{"inspiro_hide_title":false,"footnotes":""},"class_list":["post-14419","page","type-page","status-publish","hentry"],"_links":{"self":[{"href":"https:\/\/conadi.gob.gt\/web\/wp-json\/wp\/v2\/pages\/14419","targetHints":{"allow":["GET"]}}],"collection":[{"href":"https:\/\/conadi.gob.gt\/web\/wp-json\/wp\/v2\/pages"}],"about":[{"href":"https:\/\/conadi.gob.gt\/web\/wp-json\/wp\/v2\/types\/page"}],"author":[{"embeddable":true,"href":"https:\/\/conadi.gob.gt\/web\/wp-json\/wp\/v2\/users\/41"}],"replies":[{"embeddable":true,"href":"https:\/\/conadi.gob.gt\/web\/wp-json\/wp\/v2\/comments?post=14419"}],"version-history":[{"count":63,"href":"https:\/\/conadi.gob.gt\/web\/wp-json\/wp\/v2\/pages\/14419\/revisions"}],"predecessor-version":[{"id":20263,"href":"https:\/\/conadi.gob.gt\/web\/wp-json\/wp\/v2\/pages\/14419\/revisions\/20263"}],"wp:attachment":[{"href":"https:\/\/conadi.gob.gt\/web\/wp-json\/wp\/v2\/media?parent=14419"}],"curies":[{"name":"wp","href":"https:\/\/api.w.org\/{rel}","templated":true}]}}