{"id":14949,"date":"2024-02-07T22:01:18","date_gmt":"2024-02-07T22:01:18","guid":{"rendered":"https:\/\/conadi.gob.gt\/web\/?page_id=14949"},"modified":"2024-02-07T22:09:38","modified_gmt":"2024-02-07T22:09:38","slug":"informacion-publica-2023","status":"publish","type":"page","link":"https:\/\/conadi.gob.gt\/web\/informacion-publica-2023\/","title":{"rendered":"Acceso a la Informaci\u00f3n P\u00fablica de Oficio 2023"},"content":{"rendered":"\n<p class=\"has-text-align-center has-medium-font-size\"><strong>*Atenci\u00f3n de 8:00 a 16:30 horas de lunes a viernes&nbsp;<br \/>*1a. avenida 4-19 Zona 1&nbsp; &nbsp;<br \/>*PBX: 25016800 ext.2052&nbsp; E-mail:&nbsp;informacion.publica@conadi.gob.gt<\/strong><\/p>\n\n\n\n<figure class=\"wp-block-embed is-type-video is-provider-youtube wp-block-embed-youtube wp-embed-aspect-16-9 wp-has-aspect-ratio\"><div class=\"wp-block-embed__wrapper\">\n<iframe loading=\"lazy\" title=\"Ley de Acceso a la Informaci\u00f3n\" width=\"950\" height=\"534\" src=\"https:\/\/www.youtube.com\/embed\/cIyymve6K-s?feature=oembed\" frameborder=\"0\" allow=\"accelerometer; autoplay; clipboard-write; encrypted-media; gyroscope; picture-in-picture; web-share\" allowfullscreen><\/iframe>\n<\/div><\/figure>\n\n\n\n<p class=\"has-text-align-center\"><strong>DECRETO 57-2008 LEY DE ACCESO A LA INFORMACI\u00d3N P\u00daBLICA EN VERSIONES<\/strong>:<\/p>\n\n\n\n<figure class=\"wp-block-table\"><table class=\"has-fixed-layout\"><tbody><tr><td class=\"has-text-align-center\" data-align=\"center\"><strong><a href=\"https:\/\/conadi.gob.gt\/web\/wp-content\/uploads\/2020\/08\/DECRETO-57-2008-LEY-DE-ACCESO-A-LA-INFORMACI%C3%93N-P%C3%9ABLICA.docx\">&nbsp;WORD<\/a><\/strong><\/td><td class=\"has-text-align-center\" data-align=\"center\"><strong><a href=\"https:\/\/conadi.gob.gt\/web\/wp-content\/uploads\/2020\/08\/DECRETO-57-2008-LEY-DE-ACCESO-A-LA-INFORMACI%C3%93N-P%C3%9ABLICA.pdf\">PDF<\/a><\/strong><\/td><\/tr><\/tbody><\/table><\/figure>\n\n\n\n<p class=\"has-text-align-center\"><strong>INFORMACI\u00d3N P\u00daBLICA DE OFICIO A\u00d1OS ANTERIORES<\/strong><\/p>\n\n\n\n<figure class=\"wp-block-table\"><table class=\"has-fixed-layout\"><tbody><tr><td class=\"has-text-align-center\" data-align=\"center\"><strong><a href=\"https:\/\/conadi.gob.gt\/web\/acceso-a-la-informacion\/\">2015 \u2013 2017<\/a>&nbsp;<\/strong><\/td><td class=\"has-text-align-center\" data-align=\"center\"><strong><a href=\"https:\/\/conadi.gob.gt\/web\/acceso-a-la-informacion-2019\/\">2018 \u2013 2019<\/a>&nbsp;<\/strong><\/td><td class=\"has-text-align-center\" data-align=\"center\"><strong><a href=\"https:\/\/conadi.gob.gt\/web\/acceso-a-la-informacion-2019-2020\/\">2020<\/a><\/strong><\/td><td class=\"has-text-align-center\" data-align=\"center\"><strong><a href=\"https:\/\/conadi.gob.gt\/web\/acceso-a-la-informacion-publica-2021\/\">2021<\/a><\/strong><\/td><td class=\"has-text-align-center\" data-align=\"center\"><a href=\"https:\/\/conadi.gob.gt\/web\/acceso-a-la-informacion-2\/\" data-type=\"URL\" data-id=\"https:\/\/conadi.gob.gt\/web\/acceso-a-la-informacion-2\/\"><strong>2022<\/strong><\/a><\/td><\/tr><\/tbody><\/table><\/figure>\n\n\n\n<p><em><span style=\"font-size: 14pt;\"><strong>Informaci\u00f3n p\u00fablica de oficio a\u00f1o 2023:<\/strong><\/span><\/em><\/p>\n\n\n\n<p class=\"has-text-align-left\">DECRETO 57-2008 LEY DE ACCESO A LA INFORMACI\u00d3N P\u00daBLICA, ARTICULO 15. \u00abUso y difusi\u00f3n de la informaci\u00f3n. Los interesados tendr\u00e1n responsabilidad, penal y civil por el uso, manejo o difusi\u00f3n de la informaci\u00f3n p\u00fablica a la que tengan acceso, de conformidad con esta ley y dem\u00e1s leyes aplicables\u00bb<\/p>\n\n\n\n<p><span style=\"font-size: 14pt;\"><strong>Art\u00edculo 10<\/strong><\/span><\/p>\n\n\n\n<p><span style=\"font-size: 12pt;\"><em><a href=\"https:\/\/conadi.gob.gt\/web\/1-estructura-organica-funciones-y-marco-normativo\/\" data-type=\"URL\" data-id=\"https:\/\/conadi.gob.gt\/web\/1-estructura-organica-funciones-y-marco-normativo\/\"><strong>1.&nbsp;<\/strong>Estructura org\u00e1nica, funciones y marco normativo<\/a><\/em><\/span><\/p>\n\n\n\n<p><span style=\"font-size: 12pt;\"><em><a href=\"https:\/\/conadi.gob.gt\/web\/2-direccion-y-telefonos\/\" data-type=\"URL\" data-id=\"https:\/\/conadi.gob.gt\/web\/2-direccion-y-telefonos\/\"><strong>2.<\/strong>&nbsp;Direcci\u00f3n y Tel\u00e9fonos&nbsp;<\/a><\/em><\/span><\/p>\n\n\n\n<p><span style=\"font-size: 12pt;\"><em><a href=\"https:\/\/conadi.gob.gt\/web\/3-directorio-de-empleados-y-servidores-publicos\/\" data-type=\"URL\" data-id=\"https:\/\/conadi.gob.gt\/web\/3-directorio-de-empleados-y-servidores-publicos\/\"><strong>3.<\/strong>&nbsp;Directorio de Empleados y Servidores P\u00fablicos<\/a><\/em><\/span><\/p>\n\n\n\n<p><span style=\"font-size: 12pt;\"><em><a href=\"https:\/\/conadi.gob.gt\/web\/4-remuneraciones\/\" data-type=\"URL\" data-id=\"https:\/\/conadi.gob.gt\/web\/4-remuneraciones\/\"><strong>4.<\/strong>&nbsp;Remuneraciones<\/a><\/em><\/span><\/p>\n\n\n\n<p><span style=\"font-size: 12pt;\"><em><a href=\"https:\/\/conadi.gob.gt\/web\/5-mision-objetivos-y-poa-de-la-institucion\/\" data-type=\"URL\" data-id=\"https:\/\/conadi.gob.gt\/web\/5-mision-objetivos-y-poa-de-la-institucion\/\"><strong>5.<\/strong>&nbsp;Misi\u00f3n, Objetivos y POA de la instituci\u00f3n<\/a><\/em><\/span><\/p>\n\n\n\n<p><span style=\"font-size: 12pt;\"><em><a href=\"https:\/\/conadi.gob.gt\/web\/6-manuales-de-procedimientos\/\" data-type=\"URL\" data-id=\"https:\/\/conadi.gob.gt\/web\/6-manuales-de-procedimientos\/\"><strong>6.<\/strong>&nbsp;Manuales de procedimientos<\/a><\/em><\/span><\/p>\n\n\n\n<p><span style=\"font-size: 12pt;\"><em><a href=\"https:\/\/conadi.gob.gt\/web\/7-presupuesto-de-ingresos-y-egresos\/\" data-type=\"URL\" data-id=\"https:\/\/conadi.gob.gt\/web\/7-presupuesto-de-ingresos-y-egresos\/\"><strong>7.<\/strong>&nbsp;Presupuesto de ingresos y egresos&nbsp;<\/a><\/em><\/span><\/p>\n\n\n\n<p><span style=\"font-size: 12pt;\"><em><a href=\"https:\/\/conadi.gob.gt\/web\/8-ejecucion-presupuestaria\/\" data-type=\"URL\" data-id=\"https:\/\/conadi.gob.gt\/web\/8-ejecucion-presupuestaria\/\"><strong>8.&nbsp;<\/strong>Ejecuci\u00f3n presupuestaria&nbsp;<\/a><\/em><\/span><\/p>\n\n\n\n<p><span style=\"font-size: 12pt;\"><em><a href=\"https:\/\/conadi.gob.gt\/web\/9-depositos-con-fondos-publicos\/\" data-type=\"URL\" data-id=\"https:\/\/conadi.gob.gt\/web\/9-depositos-con-fondos-publicos\/\"><strong>9.<\/strong>&nbsp;Dep\u00f3sitos&nbsp; con fondos p\u00fablicos<\/a>&nbsp;&nbsp;<\/em><\/span><\/p>\n\n\n\n<p><span style=\"font-size: 12pt;\"><em><a href=\"https:\/\/conadi.gob.gt\/web\/10-procesos-de-cotizacion-y-licitacion\/\" data-type=\"URL\" data-id=\"https:\/\/conadi.gob.gt\/web\/10-procesos-de-cotizacion-y-licitacion\/\"><strong>10.<\/strong>&nbsp;Procesos de cotizaci\u00f3n y licitaci\u00f3n&nbsp;<\/a><\/em><\/span><\/p>\n\n\n\n<p><span style=\"font-size: 12pt;\"><em><a href=\"https:\/\/conadi.gob.gt\/web\/11-contrataciones-de-bienes-y-servicios\/\" data-type=\"URL\" data-id=\"https:\/\/conadi.gob.gt\/web\/11-contrataciones-de-bienes-y-servicios\/\"><strong>11. <\/strong>Contrataciones de bienes y servicios&nbsp;<\/a><\/em><\/span><\/p>\n\n\n\n<p><span style=\"font-size: 12pt;\"><em><a href=\"https:\/\/conadi.gob.gt\/web\/12-viajes-nacionales-e-internacionales\/\" data-type=\"URL\" data-id=\"https:\/\/conadi.gob.gt\/web\/12-viajes-nacionales-e-internacionales\/\"><strong>12.<\/strong>&nbsp;Viajes nacionales e internacionales&nbsp;<\/a><\/em><\/span><\/p>\n\n\n\n<p><span style=\"font-size: 12pt;\"><em><a href=\"https:\/\/conadi.gob.gt\/web\/13-inventario-de-bienes-y-servicios\/\" data-type=\"URL\" data-id=\"https:\/\/conadi.gob.gt\/web\/13-inventario-de-bienes-y-servicios\/\"><strong>13.<\/strong>&nbsp;Inventario de bienes y servicios<\/a><\/em><\/span><\/p>\n\n\n\n<p><span style=\"font-size: 12pt;\"><em><a href=\"https:\/\/conadi.gob.gt\/web\/14-contratos-de-mantenimiento\/\" data-type=\"URL\" data-id=\"https:\/\/conadi.gob.gt\/web\/14-contratos-de-mantenimiento\/\"><strong>14.<\/strong>&nbsp;Contratos de mantenimiento&nbsp;<\/a><\/em><\/span><\/p>\n\n\n\n<p><span style=\"font-size: 12pt;\"><em><a href=\"https:\/\/conadi.gob.gt\/web\/inciso-15-montos-asignados-3\/\" data-type=\"URL\" data-id=\"https:\/\/conadi.gob.gt\/web\/inciso-15-montos-asignados-3\/\"><strong>15.<\/strong>&nbsp;Programas de subsidios, becas o transferencias&nbsp;<\/a><\/em><\/span><\/p>\n\n\n\n<p><span style=\"font-size: 12pt;\"><em><a href=\"https:\/\/conadi.gob.gt\/web\/15-contratos-licencias-y-concesiones\/\" data-type=\"URL\" data-id=\"https:\/\/conadi.gob.gt\/web\/15-contratos-licencias-y-concesiones\/\"><strong>16.<\/strong>&nbsp;Contratos, licencias y concesiones&nbsp;<\/a><\/em><\/span><\/p>\n\n\n\n<p><span style=\"font-size: 12pt;\"><em><a href=\"https:\/\/conadi.gob.gt\/web\/17-empresas-precalificadas\/\" data-type=\"URL\" data-id=\"https:\/\/conadi.gob.gt\/web\/17-empresas-precalificadas\/\"><strong>17.<\/strong>&nbsp;Empresas precalificadas&nbsp;<\/a><\/em><\/span><\/p>\n\n\n\n<p><span style=\"font-size: 12pt;\"><em><a href=\"https:\/\/conadi.gob.gt\/web\/18-obras-en-ejecucion-o-ejecutadas\/\" data-type=\"URL\" data-id=\"https:\/\/conadi.gob.gt\/web\/18-obras-en-ejecucion-o-ejecutadas\/\"><strong>18.<\/strong>&nbsp;Obras en ejecuci\u00f3n o ejecutadas&nbsp;<\/a><\/em><\/span><\/p>\n\n\n\n<p><span style=\"font-size: 12pt;\"><em><a href=\"https:\/\/conadi.gob.gt\/web\/19-contratos-de-arrendamiento\/\" data-type=\"URL\" data-id=\"https:\/\/conadi.gob.gt\/web\/19-contratos-de-arrendamiento\/\"><strong>19.<\/strong>&nbsp;Contratos de arrendamiento&nbsp;<\/a><\/em><\/span><\/p>\n\n\n\n<p><span style=\"font-size: 12pt;\"><em><a href=\"https:\/\/conadi.gob.gt\/web\/20-contrataciones-por-cotizacion-y-licitacion\/\" data-type=\"URL\" data-id=\"https:\/\/conadi.gob.gt\/web\/20-contrataciones-por-cotizacion-y-licitacion\/\"><strong>20.<\/strong>&nbsp;Contrataciones por cotizaci\u00f3n y licitaci\u00f3n&nbsp;<\/a><\/em><\/span><\/p>\n\n\n\n<p><span style=\"font-size: 12pt;\"><em><a href=\"https:\/\/conadi.gob.gt\/web\/21-fideicomisos\/\" data-type=\"URL\" data-id=\"https:\/\/conadi.gob.gt\/web\/21-fideicomisos\/\"><strong>21.&nbsp;<\/strong>Fideicomisos&nbsp;<\/a><\/em><\/span><\/p>\n\n\n\n<p><span style=\"font-size: 12pt;\"><em><a href=\"https:\/\/conadi.gob.gt\/web\/22-compras-directas\/\" data-type=\"URL\" data-id=\"https:\/\/conadi.gob.gt\/web\/22-compras-directas\/\"><strong>22.<\/strong>&nbsp;Compras directas&nbsp;<\/a><\/em><\/span><\/p>\n\n\n\n<p><span style=\"font-size: 12pt;\"><a href=\"https:\/\/conadi.gob.gt\/web\/23-auditorias-gubernamentales-o-privadas\/\" data-type=\"URL\" data-id=\"https:\/\/conadi.gob.gt\/web\/23-auditorias-gubernamentales-o-privadas\/\"><strong>23.<\/strong>&nbsp;Auditorias gubernamentales o privadas&nbsp;<\/a><\/span><\/p>\n\n\n\n<p><span style=\"font-size: 12pt;\"><em><a href=\"https:\/\/conadi.gob.gt\/web\/24-entidades-caracter-internacional\/\" data-type=\"URL\" data-id=\"https:\/\/conadi.gob.gt\/web\/24-entidades-caracter-internacional\/\"><strong>24.<\/strong>&nbsp;Entidades car\u00e1cter internacional<\/a><\/em><\/span><\/p>\n\n\n\n<p><span style=\"font-size: 12pt;\"><em><a href=\"https:\/\/conadi.gob.gt\/web\/25-entidades-no-gubernamentales-o-privadas\/\" data-type=\"URL\" data-id=\"https:\/\/conadi.gob.gt\/web\/25-entidades-no-gubernamentales-o-privadas\/\"><strong>25.&nbsp;<\/strong>Entidades no gubernamentales o privadas&nbsp;<\/a><\/em><\/span><\/p>\n\n\n\n<p><span style=\"font-size: 12pt;\"><em><a href=\"https:\/\/conadi.gob.gt\/web\/26-informe-anual-sobre-funcionamiento-y-finalidad-del-archivo\/\" data-type=\"URL\" data-id=\"https:\/\/conadi.gob.gt\/web\/26-informe-anual-sobre-funcionamiento-y-finalidad-del-archivo\/\"><strong>26.<\/strong>&nbsp;Informe anual sobre funcionamiento y finalidad del archivo<\/a><\/em><\/span><\/p>\n\n\n\n<p><span style=\"font-size: 12pt;\"><em><a href=\"https:\/\/conadi.gob.gt\/web\/27-indice-de-la-informacion-clasificada\/\" data-type=\"URL\" data-id=\"https:\/\/conadi.gob.gt\/web\/27-indice-de-la-informacion-clasificada\/\"><strong style=\"font-size: 12pt;\">27.<\/strong>&nbsp;\u00cdndice&nbsp;de la informaci\u00f3n clasificada&nbsp;<\/a><\/em><\/span><\/p>\n\n\n\n<p><span style=\"font-size: 12pt;\"><em><a href=\"https:\/\/conadi.gob.gt\/web\/28-informe-de-pertenencia-sociolinguistica\/\" data-type=\"URL\" data-id=\"https:\/\/conadi.gob.gt\/web\/28-informe-de-pertenencia-sociolinguistica\/\"><strong>28.<\/strong>&nbsp;Informe de pertenencia socioling\u00fc\u00edstica&nbsp;<\/a><\/em><\/span><\/p>\n\n\n\n<p><span style=\"font-size: 12pt;\"><a href=\"https:\/\/conadi.gob.gt\/web\/inciso-29-informacion-de-utilidad-2\/\"><em><strong>29.<\/strong>&nbsp;Informaci\u00f3n adicional:&nbsp;<\/em><\/a><\/span>CONVENIOS, OFICINAS MUNICIPALES DE DISCAPACIDAD, MEMORIAS DE LABORES, LEYES, DECRETOS E INICIATIVAS DE LEY<\/p>\n\n\n\n<hr class=\"wp-block-separator has-alpha-channel-opacity\"\/>\n\n\n\n<p><span style=\"font-size: 14pt;\"><strong>Art\u00edculo 11<\/strong><\/span><\/p>\n\n\n\n<p><span style=\"font-size: 12pt;\"><em><a href=\"https:\/\/conadi.gob.gt\/web\/1-ejercicio-presupuestario\/\" data-type=\"URL\" data-id=\"https:\/\/conadi.gob.gt\/web\/1-ejercicio-presupuestario\/\"><strong>1.&nbsp;<\/strong>Ejercicio presupuestario<\/a><\/em><\/span><\/p>\n\n\n\n<p><span style=\"font-size: 12pt;\"><em><a href=\"https:\/\/conadi.gob.gt\/web\/2-listado-de-asesores\/\" data-type=\"URL\" data-id=\"https:\/\/conadi.gob.gt\/web\/2-listado-de-asesores\/\"><strong>2. <\/strong>Listado de asesores<\/a><\/em><\/span><\/p>\n\n\n\n<p><span style=\"font-size: 12pt;\"><em><a href=\"https:\/\/conadi.gob.gt\/web\/3-informe-de-gastos-y-viaticos-al-exterior\/\" data-type=\"URL\" data-id=\"https:\/\/conadi.gob.gt\/web\/3-informe-de-gastos-y-viaticos-al-exterior\/\"><b style=\"font-size: 12pt;\">3. <\/b>Informe de Gastos y Vi\u00e1ticos&nbsp;al exterior<\/a><\/em><\/span><\/p>\n\n\n\n<hr class=\"wp-block-separator has-alpha-channel-opacity\"\/>\n\n\n\n<p><span style=\"font-size: 18pt;\"><strong>SOLICITUD DE INFORMACI\u00d3N&nbsp;<\/strong><\/span><\/p>\n\n\n\n<blockquote class=\"wp-block-quote is-layout-flow wp-block-quote-is-layout-flow\"><p><\/p><\/blockquote>\n\n\n\n<div class=\"wp-block-contact-form-7-contact-form-selector\">[contact-form-7 id=\u00bb4106&#8243; title=\u00bbInformaci\u00f3n P\u00fablica\u00bb]<\/div>\n<div class=\"pvc_clear\"><\/div><p id=\"pvc_stats_14949\" class=\"pvc_stats all  \" data-element-id=\"14949\" style=\"\"><i class=\"pvc-stats-icon medium\" aria-hidden=\"true\"><svg aria-hidden=\"true\" focusable=\"false\" data-prefix=\"far\" data-icon=\"chart-bar\" role=\"img\" xmlns=\"http:\/\/www.w3.org\/2000\/svg\" viewBox=\"0 0 512 512\" class=\"svg-inline--fa fa-chart-bar fa-w-16 fa-2x\"><path fill=\"currentColor\" d=\"M396.8 352h22.4c6.4 0 12.8-6.4 12.8-12.8V108.8c0-6.4-6.4-12.8-12.8-12.8h-22.4c-6.4 0-12.8 6.4-12.8 12.8v230.4c0 6.4 6.4 12.8 12.8 12.8zm-192 0h22.4c6.4 0 12.8-6.4 12.8-12.8V140.8c0-6.4-6.4-12.8-12.8-12.8h-22.4c-6.4 0-12.8 6.4-12.8 12.8v198.4c0 6.4 6.4 12.8 12.8 12.8zm96 0h22.4c6.4 0 12.8-6.4 12.8-12.8V204.8c0-6.4-6.4-12.8-12.8-12.8h-22.4c-6.4 0-12.8 6.4-12.8 12.8v134.4c0 6.4 6.4 12.8 12.8 12.8zM496 400H48V80c0-8.84-7.16-16-16-16H16C7.16 64 0 71.16 0 80v336c0 17.67 14.33 32 32 32h464c8.84 0 16-7.16 16-16v-16c0-8.84-7.16-16-16-16zm-387.2-48h22.4c6.4 0 12.8-6.4 12.8-12.8v-70.4c0-6.4-6.4-12.8-12.8-12.8h-22.4c-6.4 0-12.8 6.4-12.8 12.8v70.4c0 6.4 6.4 12.8 12.8 12.8z\" class=\"\"><\/path><\/svg><\/i> <img loading=\"lazy\" decoding=\"async\" width=\"16\" height=\"16\" alt=\"Loading\" src=\"https:\/\/conadi.gob.gt\/web\/wp-content\/plugins\/page-views-count\/ajax-loader-2x.gif\" border=0 \/><\/p><div class=\"pvc_clear\"><\/div>","protected":false},"excerpt":{"rendered":"<p>*Atenci\u00f3n de 8:00 a 16:30 horas de lunes a viernes&nbsp;*1a. avenida 4-19 Zona 1&nbsp; &nbsp;*PBX: 25016800 ext.2052&nbsp; E-mail:&nbsp;informacion.publica@conadi.gob.gt DECRETO 57-2008 LEY DE ACCESO A LA INFORMACI\u00d3N P\u00daBLICA EN VERSIONES: &nbsp;WORD PDF INFORMACI\u00d3N P\u00daBLICA DE OFICIO A\u00d1OS ANTERIORES 2015 \u2013 2017&nbsp; 2018 \u2013 2019&nbsp; 2020 2021 2022 Informaci\u00f3n p\u00fablica de oficio a\u00f1o 2023: DECRETO 57-2008 LEY &hellip; <\/p>\n<p class=\"link-more\"><a href=\"https:\/\/conadi.gob.gt\/web\/informacion-publica-2023\/\" class=\"more-link\">Leer m\u00e1s<span class=\"screen-reader-text\"> \u00abAcceso a la Informaci\u00f3n P\u00fablica de Oficio 2023\u00bb<\/span><\/a><\/p>\n<div class=\"pvc_clear\"><\/div>\n<p id=\"pvc_stats_14949\" class=\"pvc_stats all  \" data-element-id=\"14949\" style=\"\"><i class=\"pvc-stats-icon medium\" aria-hidden=\"true\"><svg aria-hidden=\"true\" focusable=\"false\" data-prefix=\"far\" data-icon=\"chart-bar\" role=\"img\" xmlns=\"http:\/\/www.w3.org\/2000\/svg\" viewBox=\"0 0 512 512\" class=\"svg-inline--fa fa-chart-bar fa-w-16 fa-2x\"><path fill=\"currentColor\" d=\"M396.8 352h22.4c6.4 0 12.8-6.4 12.8-12.8V108.8c0-6.4-6.4-12.8-12.8-12.8h-22.4c-6.4 0-12.8 6.4-12.8 12.8v230.4c0 6.4 6.4 12.8 12.8 12.8zm-192 0h22.4c6.4 0 12.8-6.4 12.8-12.8V140.8c0-6.4-6.4-12.8-12.8-12.8h-22.4c-6.4 0-12.8 6.4-12.8 12.8v198.4c0 6.4 6.4 12.8 12.8 12.8zm96 0h22.4c6.4 0 12.8-6.4 12.8-12.8V204.8c0-6.4-6.4-12.8-12.8-12.8h-22.4c-6.4 0-12.8 6.4-12.8 12.8v134.4c0 6.4 6.4 12.8 12.8 12.8zM496 400H48V80c0-8.84-7.16-16-16-16H16C7.16 64 0 71.16 0 80v336c0 17.67 14.33 32 32 32h464c8.84 0 16-7.16 16-16v-16c0-8.84-7.16-16-16-16zm-387.2-48h22.4c6.4 0 12.8-6.4 12.8-12.8v-70.4c0-6.4-6.4-12.8-12.8-12.8h-22.4c-6.4 0-12.8 6.4-12.8 12.8v70.4c0 6.4 6.4 12.8 12.8 12.8z\" class=\"\"><\/path><\/svg><\/i> <img loading=\"lazy\" decoding=\"async\" width=\"16\" height=\"16\" alt=\"Loading\" src=\"https:\/\/conadi.gob.gt\/web\/wp-content\/plugins\/page-views-count\/ajax-loader-2x.gif\" border=0 \/><\/p>\n<div class=\"pvc_clear\"><\/div>\n","protected":false},"author":41,"featured_media":0,"parent":0,"menu_order":0,"comment_status":"closed","ping_status":"closed","template":"","meta":{"inspiro_hide_title":false,"footnotes":""},"class_list":["post-14949","page","type-page","status-publish","hentry"],"_links":{"self":[{"href":"https:\/\/conadi.gob.gt\/web\/wp-json\/wp\/v2\/pages\/14949","targetHints":{"allow":["GET"]}}],"collection":[{"href":"https:\/\/conadi.gob.gt\/web\/wp-json\/wp\/v2\/pages"}],"about":[{"href":"https:\/\/conadi.gob.gt\/web\/wp-json\/wp\/v2\/types\/page"}],"author":[{"embeddable":true,"href":"https:\/\/conadi.gob.gt\/web\/wp-json\/wp\/v2\/users\/41"}],"replies":[{"embeddable":true,"href":"https:\/\/conadi.gob.gt\/web\/wp-json\/wp\/v2\/comments?post=14949"}],"version-history":[{"count":5,"href":"https:\/\/conadi.gob.gt\/web\/wp-json\/wp\/v2\/pages\/14949\/revisions"}],"predecessor-version":[{"id":14957,"href":"https:\/\/conadi.gob.gt\/web\/wp-json\/wp\/v2\/pages\/14949\/revisions\/14957"}],"wp:attachment":[{"href":"https:\/\/conadi.gob.gt\/web\/wp-json\/wp\/v2\/media?parent=14949"}],"curies":[{"name":"wp","href":"https:\/\/api.w.org\/{rel}","templated":true}]}}