{"id":19181,"date":"2025-10-10T14:16:38","date_gmt":"2025-10-10T14:16:38","guid":{"rendered":"https:\/\/conadi.gob.gt\/web\/?page_id=19181"},"modified":"2025-10-10T15:42:49","modified_gmt":"2025-10-10T15:42:49","slug":"catalogo-de-programas-y-servicios","status":"publish","type":"page","link":"https:\/\/conadi.gob.gt\/web\/catalogo-de-programas-y-servicios\/","title":{"rendered":"Cat\u00e1logo de Programas y Servicios Externos para Personas con Discapacidad"},"content":{"rendered":"\n<p>Informaci\u00f3n sobre programas y servicios que brindan las instituciones p\u00fablicas cooperantes del CONADI, en favor del respeto y la promoci\u00f3n de los derechos de las personas con discapacidad. <\/p>\n\n\n\n<p><a href=\"https:\/\/conadi.gob.gt\/web\/wp-content\/uploads\/2025\/10\/IGSS-presentacion.pdf\" target=\"_blank\" rel=\"noreferrer noopener\">Instituto Guatemalteco de Seguridad Social (IGSS)<\/a><\/p>\n\n\n\n<p><a href=\"https:\/\/conadi.gob.gt\/web\/wp-content\/uploads\/2025\/10\/MINTRAB-2025.pdf\" target=\"_blank\" rel=\"noreferrer noopener\">Ministerio de Trabajo y Asistencia Social (MINTRAB)<\/a><\/p>\n\n\n\n<p><a href=\"https:\/\/conadi.gob.gt\/web\/wp-content\/uploads\/2025\/10\/PPP-Empleate-Inclusivo-2025.pdf\" target=\"_blank\" rel=\"noreferrer noopener\">Ministerio de Trabajo y Asistencia Social (Programa Empl\u00e9ate Inclusivo) <\/a><\/p>\n\n\n\n<p><a href=\"https:\/\/conadi.gob.gt\/web\/wp-content\/uploads\/2025\/10\/MINISTERIO-DE-SALUD-PUBLICA-Y-ASISTENCIA-SOCIAL.pdf\" target=\"_blank\" rel=\"noreferrer noopener\">Ministerio de Salud P\u00fablica y Asistencia Social (MSPAS)<\/a><\/p>\n\n\n\n<p><\/p>\n<div class=\"pvc_clear\"><\/div><p id=\"pvc_stats_19181\" class=\"pvc_stats all  \" data-element-id=\"19181\" style=\"\"><i class=\"pvc-stats-icon medium\" aria-hidden=\"true\"><svg aria-hidden=\"true\" focusable=\"false\" data-prefix=\"far\" data-icon=\"chart-bar\" role=\"img\" xmlns=\"http:\/\/www.w3.org\/2000\/svg\" viewBox=\"0 0 512 512\" class=\"svg-inline--fa fa-chart-bar fa-w-16 fa-2x\"><path fill=\"currentColor\" d=\"M396.8 352h22.4c6.4 0 12.8-6.4 12.8-12.8V108.8c0-6.4-6.4-12.8-12.8-12.8h-22.4c-6.4 0-12.8 6.4-12.8 12.8v230.4c0 6.4 6.4 12.8 12.8 12.8zm-192 0h22.4c6.4 0 12.8-6.4 12.8-12.8V140.8c0-6.4-6.4-12.8-12.8-12.8h-22.4c-6.4 0-12.8 6.4-12.8 12.8v198.4c0 6.4 6.4 12.8 12.8 12.8zm96 0h22.4c6.4 0 12.8-6.4 12.8-12.8V204.8c0-6.4-6.4-12.8-12.8-12.8h-22.4c-6.4 0-12.8 6.4-12.8 12.8v134.4c0 6.4 6.4 12.8 12.8 12.8zM496 400H48V80c0-8.84-7.16-16-16-16H16C7.16 64 0 71.16 0 80v336c0 17.67 14.33 32 32 32h464c8.84 0 16-7.16 16-16v-16c0-8.84-7.16-16-16-16zm-387.2-48h22.4c6.4 0 12.8-6.4 12.8-12.8v-70.4c0-6.4-6.4-12.8-12.8-12.8h-22.4c-6.4 0-12.8 6.4-12.8 12.8v70.4c0 6.4 6.4 12.8 12.8 12.8z\" class=\"\"><\/path><\/svg><\/i> <img loading=\"lazy\" decoding=\"async\" width=\"16\" height=\"16\" alt=\"Loading\" src=\"https:\/\/conadi.gob.gt\/web\/wp-content\/plugins\/page-views-count\/ajax-loader-2x.gif\" border=0 \/><\/p><div class=\"pvc_clear\"><\/div>","protected":false},"excerpt":{"rendered":"<p>Informaci\u00f3n sobre programas y servicios que brindan las instituciones p\u00fablicas cooperantes del CONADI, en favor del respeto y la promoci\u00f3n de los derechos de las personas con discapacidad. Instituto Guatemalteco de Seguridad Social (IGSS) Ministerio de Trabajo y Asistencia Social (MINTRAB) Ministerio de Trabajo y Asistencia Social (Programa Empl\u00e9ate Inclusivo) Ministerio de Salud P\u00fablica y &hellip; <\/p>\n<p class=\"link-more\"><a href=\"https:\/\/conadi.gob.gt\/web\/catalogo-de-programas-y-servicios\/\" class=\"more-link\">Leer m\u00e1s<span class=\"screen-reader-text\"> \u00abCat\u00e1logo de Programas y Servicios Externos para Personas con Discapacidad\u00bb<\/span><\/a><\/p>\n<div class=\"pvc_clear\"><\/div>\n<p id=\"pvc_stats_19181\" class=\"pvc_stats all  \" data-element-id=\"19181\" style=\"\"><i class=\"pvc-stats-icon medium\" aria-hidden=\"true\"><svg aria-hidden=\"true\" focusable=\"false\" data-prefix=\"far\" data-icon=\"chart-bar\" role=\"img\" xmlns=\"http:\/\/www.w3.org\/2000\/svg\" viewBox=\"0 0 512 512\" class=\"svg-inline--fa fa-chart-bar fa-w-16 fa-2x\"><path fill=\"currentColor\" d=\"M396.8 352h22.4c6.4 0 12.8-6.4 12.8-12.8V108.8c0-6.4-6.4-12.8-12.8-12.8h-22.4c-6.4 0-12.8 6.4-12.8 12.8v230.4c0 6.4 6.4 12.8 12.8 12.8zm-192 0h22.4c6.4 0 12.8-6.4 12.8-12.8V140.8c0-6.4-6.4-12.8-12.8-12.8h-22.4c-6.4 0-12.8 6.4-12.8 12.8v198.4c0 6.4 6.4 12.8 12.8 12.8zm96 0h22.4c6.4 0 12.8-6.4 12.8-12.8V204.8c0-6.4-6.4-12.8-12.8-12.8h-22.4c-6.4 0-12.8 6.4-12.8 12.8v134.4c0 6.4 6.4 12.8 12.8 12.8zM496 400H48V80c0-8.84-7.16-16-16-16H16C7.16 64 0 71.16 0 80v336c0 17.67 14.33 32 32 32h464c8.84 0 16-7.16 16-16v-16c0-8.84-7.16-16-16-16zm-387.2-48h22.4c6.4 0 12.8-6.4 12.8-12.8v-70.4c0-6.4-6.4-12.8-12.8-12.8h-22.4c-6.4 0-12.8 6.4-12.8 12.8v70.4c0 6.4 6.4 12.8 12.8 12.8z\" class=\"\"><\/path><\/svg><\/i> <img loading=\"lazy\" decoding=\"async\" width=\"16\" height=\"16\" alt=\"Loading\" src=\"https:\/\/conadi.gob.gt\/web\/wp-content\/plugins\/page-views-count\/ajax-loader-2x.gif\" border=0 \/><\/p>\n<div class=\"pvc_clear\"><\/div>\n","protected":false},"author":672,"featured_media":0,"parent":0,"menu_order":0,"comment_status":"closed","ping_status":"closed","template":"","meta":{"inspiro_hide_title":false,"footnotes":""},"class_list":["post-19181","page","type-page","status-publish","hentry"],"_links":{"self":[{"href":"https:\/\/conadi.gob.gt\/web\/wp-json\/wp\/v2\/pages\/19181","targetHints":{"allow":["GET"]}}],"collection":[{"href":"https:\/\/conadi.gob.gt\/web\/wp-json\/wp\/v2\/pages"}],"about":[{"href":"https:\/\/conadi.gob.gt\/web\/wp-json\/wp\/v2\/types\/page"}],"author":[{"embeddable":true,"href":"https:\/\/conadi.gob.gt\/web\/wp-json\/wp\/v2\/users\/672"}],"replies":[{"embeddable":true,"href":"https:\/\/conadi.gob.gt\/web\/wp-json\/wp\/v2\/comments?post=19181"}],"version-history":[{"count":4,"href":"https:\/\/conadi.gob.gt\/web\/wp-json\/wp\/v2\/pages\/19181\/revisions"}],"predecessor-version":[{"id":19193,"href":"https:\/\/conadi.gob.gt\/web\/wp-json\/wp\/v2\/pages\/19181\/revisions\/19193"}],"wp:attachment":[{"href":"https:\/\/conadi.gob.gt\/web\/wp-json\/wp\/v2\/media?parent=19181"}],"curies":[{"name":"wp","href":"https:\/\/api.w.org\/{rel}","templated":true}]}}