{"id":5472,"date":"2018-09-10T22:42:00","date_gmt":"2018-09-10T22:42:00","guid":{"rendered":"http:\/\/conadi.gob.gt\/web\/?page_id=5472"},"modified":"2026-03-11T18:35:55","modified_gmt":"2026-03-11T18:35:55","slug":"convocatoria-no-1-2018","status":"publish","type":"page","link":"https:\/\/conadi.gob.gt\/web\/convocatoria-no-1-2018\/","title":{"rendered":"\u00danete a nuestro equipo"},"content":{"rendered":"<div class=\"kvgmc6g5 cxmmr5t8 oygrvhab hcukyx3x c1et5uql ii04i59q\">\n<h1 dir=\"auto\"><strong>El Consejo Nacional para la Atenci\u00f3n de las Personas con Discapacidad<\/strong><\/h1>\n<h1><strong>CONTRATAR\u00c1<\/strong><\/h1>\n<\/div>\n<div dir=\"auto\">\u00a0<\/div>\n<div class=\"kvgmc6g5 cxmmr5t8 oygrvhab hcukyx3x c1et5uql ii04i59q\">\n<h3><strong>T\u00c9CNICO DE AN\u00c1LISIS Y DATOS ESTAD\u00cdSTICOS<\/strong><\/h3>\n<p>An\u00e1lisis estad\u00edstico con soporte inform\u00e1tico y realizar interpretaci\u00f3n de informaci\u00f3n para fortalecer las pol\u00edticas p\u00fablicas en materia de discapacidad. Respaldar la toma de decisiones a trav\u00e9s de un enfoque basado en evidencia y datos confiables.<\/p>\n<p><strong>\u00a0<\/strong><\/p>\n<p><strong>HABILIDADES:<\/strong><\/p>\n<ul>\n<li>Manejo de bases de datos y herramientas de gesti\u00f3n de informaci\u00f3n.<\/li>\n<li>Elaboraci\u00f3n de tablas, gr\u00e1ficos e indicadores estad\u00edsticos.<\/li>\n<li>Elaboraci\u00f3n de reportes t\u00e9cnicos y estad\u00edsticos para la toma de decisiones.<\/li>\n<\/ul>\n<p>\u00a0<\/p>\n<p><strong>REQUISITOS:<\/strong><\/p>\n<ul>\n<li>T\u00edtulo de nivel diversificado.<\/li>\n<li>Tener aprobado como m\u00ednimo el cuarto (4\u00ba.) semestre en las carreras afines a las Ciencias Econ\u00f3micas, Ingenier\u00eda Industrial o Ciencias Sociales.<\/li>\n<li>Un (01) a\u00f1o de experiencia en actividades relacionadas con el puesto a ocupar o m\u00ednimo seis meses de experiencia como T\u00e9cnico Profesional II, en la especialidad del puesto.<\/li>\n<\/ul>\n<p><strong>\u00a0<\/strong><\/p>\n<p><strong>SE OFRECE:<\/strong><\/p>\n<ul>\n<li>Sueldo base Q 6,000.00 m\u00e1s bonificaci\u00f3n Decreto.<\/li>\n<li>Prestaciones de ley e indemnizaci\u00f3n universal.<\/li>\n<li>Rengl\u00f3n presupuestario 022 \u201cPersonal por contrato\u201d.<\/li>\n<li>Jornada laboral de lunes a viernes de 08:00 a 16:30 horas en las oficinas centrales del CONADI, zona 1, Guatemala.<\/li>\n<\/ul>\n<p><span style=\"font-size: revert; color: initial;\">Ubicaci\u00f3n funcional: Oficinas centrales del CONADI, ubicado en la 1\u00aa av. 4-19 zona 1, ciudad de Guatemala.<\/span><\/p>\n<\/div>\n\n\n<figure class=\"wp-block-image size-full is-resized\"><img loading=\"lazy\" decoding=\"async\" width=\"1275\" height=\"1650\" src=\"https:\/\/conadi.gob.gt\/web\/wp-content\/uploads\/2026\/03\/Convocatoria-Interna-Tecnico-de-Analisis-y-Datos-Estadisticos_001.jpg\" alt=\"\" class=\"wp-image-20066\" style=\"width:805px;height:auto\" srcset=\"https:\/\/conadi.gob.gt\/web\/wp-content\/uploads\/2026\/03\/Convocatoria-Interna-Tecnico-de-Analisis-y-Datos-Estadisticos_001.jpg 1275w, https:\/\/conadi.gob.gt\/web\/wp-content\/uploads\/2026\/03\/Convocatoria-Interna-Tecnico-de-Analisis-y-Datos-Estadisticos_001-232x300.jpg 232w, https:\/\/conadi.gob.gt\/web\/wp-content\/uploads\/2026\/03\/Convocatoria-Interna-Tecnico-de-Analisis-y-Datos-Estadisticos_001-791x1024.jpg 791w, https:\/\/conadi.gob.gt\/web\/wp-content\/uploads\/2026\/03\/Convocatoria-Interna-Tecnico-de-Analisis-y-Datos-Estadisticos_001-768x994.jpg 768w, https:\/\/conadi.gob.gt\/web\/wp-content\/uploads\/2026\/03\/Convocatoria-Interna-Tecnico-de-Analisis-y-Datos-Estadisticos_001-1187x1536.jpg 1187w\" sizes=\"auto, (max-width: 1275px) 100vw, 1275px\" \/><\/figure>\n\n\n\n<p><\/p>\n<div class=\"pvc_clear\"><\/div><p id=\"pvc_stats_5472\" class=\"pvc_stats all  \" data-element-id=\"5472\" style=\"\"><i class=\"pvc-stats-icon medium\" aria-hidden=\"true\"><svg aria-hidden=\"true\" focusable=\"false\" data-prefix=\"far\" data-icon=\"chart-bar\" role=\"img\" xmlns=\"http:\/\/www.w3.org\/2000\/svg\" viewBox=\"0 0 512 512\" class=\"svg-inline--fa fa-chart-bar fa-w-16 fa-2x\"><path fill=\"currentColor\" d=\"M396.8 352h22.4c6.4 0 12.8-6.4 12.8-12.8V108.8c0-6.4-6.4-12.8-12.8-12.8h-22.4c-6.4 0-12.8 6.4-12.8 12.8v230.4c0 6.4 6.4 12.8 12.8 12.8zm-192 0h22.4c6.4 0 12.8-6.4 12.8-12.8V140.8c0-6.4-6.4-12.8-12.8-12.8h-22.4c-6.4 0-12.8 6.4-12.8 12.8v198.4c0 6.4 6.4 12.8 12.8 12.8zm96 0h22.4c6.4 0 12.8-6.4 12.8-12.8V204.8c0-6.4-6.4-12.8-12.8-12.8h-22.4c-6.4 0-12.8 6.4-12.8 12.8v134.4c0 6.4 6.4 12.8 12.8 12.8zM496 400H48V80c0-8.84-7.16-16-16-16H16C7.16 64 0 71.16 0 80v336c0 17.67 14.33 32 32 32h464c8.84 0 16-7.16 16-16v-16c0-8.84-7.16-16-16-16zm-387.2-48h22.4c6.4 0 12.8-6.4 12.8-12.8v-70.4c0-6.4-6.4-12.8-12.8-12.8h-22.4c-6.4 0-12.8 6.4-12.8 12.8v70.4c0 6.4 6.4 12.8 12.8 12.8z\" class=\"\"><\/path><\/svg><\/i> <img loading=\"lazy\" decoding=\"async\" width=\"16\" height=\"16\" alt=\"Loading\" src=\"https:\/\/conadi.gob.gt\/web\/wp-content\/plugins\/page-views-count\/ajax-loader-2x.gif\" border=0 \/><\/p><div class=\"pvc_clear\"><\/div>","protected":false},"excerpt":{"rendered":"<p>El Consejo Nacional para la Atenci\u00f3n de las Personas con Discapacidad CONTRATAR\u00c1 \u00a0 T\u00c9CNICO DE AN\u00c1LISIS Y DATOS ESTAD\u00cdSTICOS An\u00e1lisis estad\u00edstico con soporte inform\u00e1tico y realizar interpretaci\u00f3n de informaci\u00f3n para fortalecer las pol\u00edticas p\u00fablicas en materia de discapacidad. Respaldar la toma de decisiones a trav\u00e9s de un enfoque basado en evidencia y datos confiables. \u00a0 &hellip; <\/p>\n<p class=\"link-more\"><a href=\"https:\/\/conadi.gob.gt\/web\/convocatoria-no-1-2018\/\" class=\"more-link\">Leer m\u00e1s<span class=\"screen-reader-text\"> \u00ab\u00danete a nuestro equipo\u00bb<\/span><\/a><\/p>\n<div class=\"pvc_clear\"><\/div>\n<p id=\"pvc_stats_5472\" class=\"pvc_stats all  \" data-element-id=\"5472\" style=\"\"><i class=\"pvc-stats-icon medium\" aria-hidden=\"true\"><svg aria-hidden=\"true\" focusable=\"false\" data-prefix=\"far\" data-icon=\"chart-bar\" role=\"img\" xmlns=\"http:\/\/www.w3.org\/2000\/svg\" viewBox=\"0 0 512 512\" class=\"svg-inline--fa fa-chart-bar fa-w-16 fa-2x\"><path fill=\"currentColor\" d=\"M396.8 352h22.4c6.4 0 12.8-6.4 12.8-12.8V108.8c0-6.4-6.4-12.8-12.8-12.8h-22.4c-6.4 0-12.8 6.4-12.8 12.8v230.4c0 6.4 6.4 12.8 12.8 12.8zm-192 0h22.4c6.4 0 12.8-6.4 12.8-12.8V140.8c0-6.4-6.4-12.8-12.8-12.8h-22.4c-6.4 0-12.8 6.4-12.8 12.8v198.4c0 6.4 6.4 12.8 12.8 12.8zm96 0h22.4c6.4 0 12.8-6.4 12.8-12.8V204.8c0-6.4-6.4-12.8-12.8-12.8h-22.4c-6.4 0-12.8 6.4-12.8 12.8v134.4c0 6.4 6.4 12.8 12.8 12.8zM496 400H48V80c0-8.84-7.16-16-16-16H16C7.16 64 0 71.16 0 80v336c0 17.67 14.33 32 32 32h464c8.84 0 16-7.16 16-16v-16c0-8.84-7.16-16-16-16zm-387.2-48h22.4c6.4 0 12.8-6.4 12.8-12.8v-70.4c0-6.4-6.4-12.8-12.8-12.8h-22.4c-6.4 0-12.8 6.4-12.8 12.8v70.4c0 6.4 6.4 12.8 12.8 12.8z\" class=\"\"><\/path><\/svg><\/i> <img loading=\"lazy\" decoding=\"async\" width=\"16\" height=\"16\" alt=\"Loading\" src=\"https:\/\/conadi.gob.gt\/web\/wp-content\/plugins\/page-views-count\/ajax-loader-2x.gif\" border=0 \/><\/p>\n<div class=\"pvc_clear\"><\/div>\n","protected":false},"author":7,"featured_media":0,"parent":0,"menu_order":0,"comment_status":"closed","ping_status":"closed","template":"","meta":{"inspiro_hide_title":false,"footnotes":""},"class_list":["post-5472","page","type-page","status-publish","hentry"],"_links":{"self":[{"href":"https:\/\/conadi.gob.gt\/web\/wp-json\/wp\/v2\/pages\/5472","targetHints":{"allow":["GET"]}}],"collection":[{"href":"https:\/\/conadi.gob.gt\/web\/wp-json\/wp\/v2\/pages"}],"about":[{"href":"https:\/\/conadi.gob.gt\/web\/wp-json\/wp\/v2\/types\/page"}],"author":[{"embeddable":true,"href":"https:\/\/conadi.gob.gt\/web\/wp-json\/wp\/v2\/users\/7"}],"replies":[{"embeddable":true,"href":"https:\/\/conadi.gob.gt\/web\/wp-json\/wp\/v2\/comments?post=5472"}],"version-history":[{"count":181,"href":"https:\/\/conadi.gob.gt\/web\/wp-json\/wp\/v2\/pages\/5472\/revisions"}],"predecessor-version":[{"id":20067,"href":"https:\/\/conadi.gob.gt\/web\/wp-json\/wp\/v2\/pages\/5472\/revisions\/20067"}],"wp:attachment":[{"href":"https:\/\/conadi.gob.gt\/web\/wp-json\/wp\/v2\/media?parent=5472"}],"curies":[{"name":"wp","href":"https:\/\/api.w.org\/{rel}","templated":true}]}}