{"id":7152,"date":"2020-04-28T19:19:54","date_gmt":"2020-04-28T19:19:54","guid":{"rendered":"http:\/\/conadi.gob.gt\/web\/?page_id=7152"},"modified":"2021-12-29T18:43:23","modified_gmt":"2021-12-29T18:43:23","slug":"documentos-sobre-discapacidad-ante-el-covid19-guatemala","status":"publish","type":"page","link":"https:\/\/conadi.gob.gt\/web\/documentos-sobre-discapacidad-ante-el-covid19-guatemala\/","title":{"rendered":"Documentos sobre discapacidad ante el COVID19 Guatemala"},"content":{"rendered":"<p><span style=\"font-size: 14pt;\"><strong>Gu\u00eda para la protecci\u00f3n de los derechos de las<\/strong><\/span><br \/>\n<span style=\"font-size: 14pt;\"><strong>personas con discapacidad de Guatemala<\/strong><\/span><br \/>\n<span style=\"font-size: 14pt;\"><strong>frente a la crisis del COVID-19<\/strong><\/span><\/p>\n<p><a href=\"https:\/\/conadi.gob.gt\/web\/wp-content\/uploads\/2021\/12\/Guia-derechos-discapacidad-covid.docx\">Gu\u00eda en formato word<\/a><\/p>\n<p><a href=\"https:\/\/conadi.gob.gt\/web\/wp-content\/uploads\/2021\/12\/GuiaDerPerDisc.pdf\">Gu\u00eda en formato pdf<\/a><\/p>\n<p><span style=\"font-size: 14pt;\"><strong>Protocolo de protecci\u00f3n para las personas<\/strong><\/span><br \/>\n<span style=\"font-size: 14pt;\"><strong>con discapacidad en la emergencia de salud<\/strong><\/span><br \/>\n<span style=\"font-size: 14pt;\"><strong>humanitaria<\/strong><\/span><\/p>\n<p><a href=\"https:\/\/conadi.gob.gt\/web\/wp-content\/uploads\/2021\/12\/PROTOCOLO-DE-PROTECCION-PCD.docx\">Protocolo en formato word<\/a><\/p>\n<p><a href=\"https:\/\/drive.google.com\/file\/d\/1AaAP1qBvX3m4ITtckpB0vRThsOrHYm_c\/view?usp=sharing\">Protocolo en formato pdf<\/a><\/p>\n<p><span style=\"font-size: 14pt;\"><strong>Protocolo en formato de audio<\/strong><\/span><\/p>\n<p><a href=\"https:\/\/drive.google.com\/file\/d\/1jQKjUBHujQZ8DKtBsCdEACwNyR64xskX\/view?usp=sharing\">Protocolo I Presentaci\u00f3n de antecedentes<\/a><\/p>\n<p><a href=\"https:\/\/drive.google.com\/file\/d\/1zioKKgUMPy2FEHPwsiZwA_wkn57gDm_T\/view?usp=sharing\">Protocolo II Como relacionarnos\u00a0<\/a><\/p>\n<p><a href=\"https:\/\/drive.google.com\/file\/d\/1jKRVwYUOZBZE7Auib0eZe7lRltYTELM_\/view?usp=sharing\">Protocolo II Terminolog\u00eda\u00a0<\/a><\/p>\n<p><a href=\"https:\/\/drive.google.com\/file\/d\/1kBY3PlKrQFp1h7FBWRoPTjIqz0Mwxtif\/view?usp=sharing\">Protocolo III T\u00e9cnicas de apoyo\u00a0<\/a><\/p>\n<p><span style=\"font-size: 14pt;\"><strong>Protocolo en lengua de se\u00f1as\u00a0<\/strong><\/span><\/p>\n<p><a href=\"https:\/\/youtu.be\/MCY1Jde2iEQ\">Protocolo I Presentaci\u00f3n de antecedentes<\/a><\/p>\n<p><a href=\"https:\/\/youtu.be\/laiiAVkBsO0\">Protocolo II Como relacionarnos\u00a0<\/a><\/p>\n<p><a href=\"https:\/\/youtu.be\/QIWthg5v3Xw\">Protocolo II Terminolog\u00eda\u00a0<\/a><\/p>\n<p><a href=\"https:\/\/youtu.be\/PMHiAUBfhWc\">Protocolo III T\u00e9cnicas de apoyo\u00a0<\/a><\/p>\n<p><a href=\"https:\/\/conadi.gob.gt\/web\/wp-content\/uploads\/2020\/05\/Proteccion-PCD-por-COVID19.jpg\"><img loading=\"lazy\" decoding=\"async\" class=\"alignnone wp-image-7156 size-medium\" src=\"https:\/\/conadi.gob.gt\/web\/wp-content\/uploads\/2020\/05\/Proteccion-PCD-por-COVID19-300x285.jpg\" alt=\"gu\u00eda de protecci\u00f3n \" width=\"300\" height=\"285\" srcset=\"https:\/\/conadi.gob.gt\/web\/wp-content\/uploads\/2020\/05\/Proteccion-PCD-por-COVID19-300x285.jpg 300w, https:\/\/conadi.gob.gt\/web\/wp-content\/uploads\/2020\/05\/Proteccion-PCD-por-COVID19.jpg 590w\" sizes=\"auto, (max-width: 300px) 100vw, 300px\" \/><\/a><\/p>\n<p><a href=\"https:\/\/conadi.gob.gt\/web\/wp-content\/uploads\/2020\/05\/protocolo.jpg\"><img loading=\"lazy\" decoding=\"async\" class=\"alignnone wp-image-7180 size-medium\" src=\"https:\/\/conadi.gob.gt\/web\/wp-content\/uploads\/2020\/05\/protocolo-229x300.jpg\" alt=\"\" width=\"229\" height=\"300\" srcset=\"https:\/\/conadi.gob.gt\/web\/wp-content\/uploads\/2020\/05\/protocolo-229x300.jpg 229w, https:\/\/conadi.gob.gt\/web\/wp-content\/uploads\/2020\/05\/protocolo.jpg 390w\" sizes=\"auto, (max-width: 229px) 100vw, 229px\" \/><\/a><\/p>\n<div class=\"pvc_clear\"><\/div>\n<p id=\"pvc_stats_7152\" class=\"pvc_stats all  \" data-element-id=\"7152\" style=\"\"><i class=\"pvc-stats-icon medium\" aria-hidden=\"true\"><svg aria-hidden=\"true\" focusable=\"false\" data-prefix=\"far\" data-icon=\"chart-bar\" role=\"img\" xmlns=\"http:\/\/www.w3.org\/2000\/svg\" viewBox=\"0 0 512 512\" class=\"svg-inline--fa fa-chart-bar fa-w-16 fa-2x\"><path fill=\"currentColor\" d=\"M396.8 352h22.4c6.4 0 12.8-6.4 12.8-12.8V108.8c0-6.4-6.4-12.8-12.8-12.8h-22.4c-6.4 0-12.8 6.4-12.8 12.8v230.4c0 6.4 6.4 12.8 12.8 12.8zm-192 0h22.4c6.4 0 12.8-6.4 12.8-12.8V140.8c0-6.4-6.4-12.8-12.8-12.8h-22.4c-6.4 0-12.8 6.4-12.8 12.8v198.4c0 6.4 6.4 12.8 12.8 12.8zm96 0h22.4c6.4 0 12.8-6.4 12.8-12.8V204.8c0-6.4-6.4-12.8-12.8-12.8h-22.4c-6.4 0-12.8 6.4-12.8 12.8v134.4c0 6.4 6.4 12.8 12.8 12.8zM496 400H48V80c0-8.84-7.16-16-16-16H16C7.16 64 0 71.16 0 80v336c0 17.67 14.33 32 32 32h464c8.84 0 16-7.16 16-16v-16c0-8.84-7.16-16-16-16zm-387.2-48h22.4c6.4 0 12.8-6.4 12.8-12.8v-70.4c0-6.4-6.4-12.8-12.8-12.8h-22.4c-6.4 0-12.8 6.4-12.8 12.8v70.4c0 6.4 6.4 12.8 12.8 12.8z\" class=\"\"><\/path><\/svg><\/i> <img loading=\"lazy\" decoding=\"async\" width=\"16\" height=\"16\" alt=\"Loading\" src=\"https:\/\/conadi.gob.gt\/web\/wp-content\/plugins\/page-views-count\/ajax-loader-2x.gif\" border=0 \/><\/p>\n<div class=\"pvc_clear\"><\/div>\n","protected":false},"excerpt":{"rendered":"<p>Gu\u00eda para la protecci\u00f3n de los derechos de las personas con discapacidad de Guatemala frente a la crisis del COVID-19 Gu\u00eda en formato word Gu\u00eda en formato pdf Protocolo de protecci\u00f3n para las personas con discapacidad en la emergencia de salud humanitaria Protocolo en formato word Protocolo en formato pdf Protocolo en formato de audio &hellip; <\/p>\n<p class=\"link-more\"><a href=\"https:\/\/conadi.gob.gt\/web\/documentos-sobre-discapacidad-ante-el-covid19-guatemala\/\" class=\"more-link\">Leer m\u00e1s<span class=\"screen-reader-text\"> \u00abDocumentos sobre discapacidad ante el COVID19 Guatemala\u00bb<\/span><\/a><\/p>\n<div class=\"pvc_clear\"><\/div>\n<p id=\"pvc_stats_7152\" class=\"pvc_stats all  \" data-element-id=\"7152\" style=\"\"><i class=\"pvc-stats-icon medium\" aria-hidden=\"true\"><svg aria-hidden=\"true\" focusable=\"false\" data-prefix=\"far\" data-icon=\"chart-bar\" role=\"img\" xmlns=\"http:\/\/www.w3.org\/2000\/svg\" viewBox=\"0 0 512 512\" class=\"svg-inline--fa fa-chart-bar fa-w-16 fa-2x\"><path fill=\"currentColor\" d=\"M396.8 352h22.4c6.4 0 12.8-6.4 12.8-12.8V108.8c0-6.4-6.4-12.8-12.8-12.8h-22.4c-6.4 0-12.8 6.4-12.8 12.8v230.4c0 6.4 6.4 12.8 12.8 12.8zm-192 0h22.4c6.4 0 12.8-6.4 12.8-12.8V140.8c0-6.4-6.4-12.8-12.8-12.8h-22.4c-6.4 0-12.8 6.4-12.8 12.8v198.4c0 6.4 6.4 12.8 12.8 12.8zm96 0h22.4c6.4 0 12.8-6.4 12.8-12.8V204.8c0-6.4-6.4-12.8-12.8-12.8h-22.4c-6.4 0-12.8 6.4-12.8 12.8v134.4c0 6.4 6.4 12.8 12.8 12.8zM496 400H48V80c0-8.84-7.16-16-16-16H16C7.16 64 0 71.16 0 80v336c0 17.67 14.33 32 32 32h464c8.84 0 16-7.16 16-16v-16c0-8.84-7.16-16-16-16zm-387.2-48h22.4c6.4 0 12.8-6.4 12.8-12.8v-70.4c0-6.4-6.4-12.8-12.8-12.8h-22.4c-6.4 0-12.8 6.4-12.8 12.8v70.4c0 6.4 6.4 12.8 12.8 12.8z\" class=\"\"><\/path><\/svg><\/i> <img loading=\"lazy\" decoding=\"async\" width=\"16\" height=\"16\" alt=\"Loading\" src=\"https:\/\/conadi.gob.gt\/web\/wp-content\/plugins\/page-views-count\/ajax-loader-2x.gif\" border=0 \/><\/p>\n<div class=\"pvc_clear\"><\/div>\n","protected":false},"author":12,"featured_media":0,"parent":0,"menu_order":0,"comment_status":"closed","ping_status":"closed","template":"","meta":{"inspiro_hide_title":false,"footnotes":""},"class_list":["post-7152","page","type-page","status-publish","hentry"],"_links":{"self":[{"href":"https:\/\/conadi.gob.gt\/web\/wp-json\/wp\/v2\/pages\/7152","targetHints":{"allow":["GET"]}}],"collection":[{"href":"https:\/\/conadi.gob.gt\/web\/wp-json\/wp\/v2\/pages"}],"about":[{"href":"https:\/\/conadi.gob.gt\/web\/wp-json\/wp\/v2\/types\/page"}],"author":[{"embeddable":true,"href":"https:\/\/conadi.gob.gt\/web\/wp-json\/wp\/v2\/users\/12"}],"replies":[{"embeddable":true,"href":"https:\/\/conadi.gob.gt\/web\/wp-json\/wp\/v2\/comments?post=7152"}],"version-history":[{"count":19,"href":"https:\/\/conadi.gob.gt\/web\/wp-json\/wp\/v2\/pages\/7152\/revisions"}],"predecessor-version":[{"id":10130,"href":"https:\/\/conadi.gob.gt\/web\/wp-json\/wp\/v2\/pages\/7152\/revisions\/10130"}],"wp:attachment":[{"href":"https:\/\/conadi.gob.gt\/web\/wp-json\/wp\/v2\/media?parent=7152"}],"curies":[{"name":"wp","href":"https:\/\/api.w.org\/{rel}","templated":true}]}}